{"id":508,"date":"2025-06-22T05:51:37","date_gmt":"2025-06-22T10:51:37","guid":{"rendered":"https:\/\/www.nationaloptronics.com\/haga-un-pedido\/"},"modified":"2026-01-08T12:45:47","modified_gmt":"2026-01-08T18:45:47","slug":"haga-un-pedido","status":"publish","type":"page","link":"https:\/\/www.nationaloptronics.com\/es\/haga-un-pedido\/","title":{"rendered":"Haga un pedido"},"content":{"rendered":"\t\t<div data-elementor-type=\"wp-page\" data-elementor-id=\"508\" class=\"elementor elementor-508 elementor-115\" data-elementor-post-type=\"page\">\n\t\t\t\t<div class=\"elementor-element elementor-element-ee479c4 e-con-full e-flex e-con e-parent\" data-id=\"ee479c4\" data-element_type=\"container\" data-e-type=\"container\" data-settings=\"{&quot;background_background&quot;:&quot;classic&quot;}\">\n\t\t\t\t<div class=\"elementor-element elementor-element-6a7c9c0 elementor-widget elementor-widget-template\" data-id=\"6a7c9c0\" data-element_type=\"widget\" data-e-type=\"widget\" data-widget_type=\"template.default\">\n\t\t\t\t<div class=\"elementor-widget-container\">\n\t\t\t\t\t\t\t<div class=\"elementor-template\">\n\t\t\t\t\t<div data-elementor-type=\"section\" data-elementor-id=\"148\" class=\"elementor elementor-148\" data-elementor-post-type=\"elementor_library\">\n\t\t\t<div class=\"elementor-element elementor-element-2984065 e-con-full e-flex e-con e-parent\" data-id=\"2984065\" data-element_type=\"container\" data-e-type=\"container\" data-settings=\"{&quot;background_background&quot;:&quot;classic&quot;}\">\n\t\t<div class=\"elementor-element elementor-element-4be7776 e-flex e-con-boxed e-con e-child\" data-id=\"4be7776\" data-element_type=\"container\" data-e-type=\"container\">\n\t\t\t\t\t<div class=\"e-con-inner\">\n\t\t<div class=\"elementor-element elementor-element-3ec87ab e-con-full e-flex e-con e-child\" data-id=\"3ec87ab\" data-element_type=\"container\" data-e-type=\"container\">\n\t\t\t\t<div class=\"elementor-element elementor-element-5382656 elementor-widget elementor-widget-heading\" data-id=\"5382656\" data-element_type=\"widget\" data-e-type=\"widget\" data-widget_type=\"heading.default\">\n\t\t\t\t<div class=\"elementor-widget-container\">\n\t\t\t\t\t<h1 class=\"elementor-heading-title elementor-size-default\">Haga un pedido<\/h1>\t\t\t\t<\/div>\n\t\t\t\t<\/div>\n\t\t\t\t<\/div>\n\t\t\t\t\t<\/div>\n\t\t\t\t<\/div>\n\t\t\t\t<div class=\"elementor-element elementor-element-9f0a2c1 elementor-widget__width-inherit elementor-absolute elementor-widget elementor-widget-image\" data-id=\"9f0a2c1\" data-element_type=\"widget\" data-e-type=\"widget\" data-settings=\"{&quot;_position&quot;:&quot;absolute&quot;}\" data-widget_type=\"image.default\">\n\t\t\t\t<div class=\"elementor-widget-container\">\n\t\t\t\t\t\t\t\t\t\t\t\t\t\t\t<img fetchpriority=\"high\" decoding=\"async\" width=\"1920\" height=\"124\" src=\"https:\/\/www.nationaloptronics.com\/wp-content\/uploads\/2025\/06\/whiteOverlay.webp\" class=\"attachment-full size-full wp-image-472\" alt=\"superposici\u00f3n blanca\" srcset=\"https:\/\/www.nationaloptronics.com\/wp-content\/uploads\/2025\/06\/whiteOverlay.webp 1920w, https:\/\/www.nationaloptronics.com\/wp-content\/uploads\/2025\/06\/whiteOverlay-300x19.webp 300w, https:\/\/www.nationaloptronics.com\/wp-content\/uploads\/2025\/06\/whiteOverlay-1024x66.webp 1024w, https:\/\/www.nationaloptronics.com\/wp-content\/uploads\/2025\/06\/whiteOverlay-768x50.webp 768w, https:\/\/www.nationaloptronics.com\/wp-content\/uploads\/2025\/06\/whiteOverlay-1536x99.webp 1536w, https:\/\/www.nationaloptronics.com\/wp-content\/uploads\/2025\/06\/whiteOverlay-1568x101.webp 1568w\" sizes=\"(max-width: 34.9rem) calc(100vw - 2rem), (max-width: 53rem) calc(8 * (100vw \/ 12)), (min-width: 53rem) calc(6 * (100vw \/ 12)), 100vw\" \/>\t\t\t\t\t\t\t\t\t\t\t\t\t\t\t<\/div>\n\t\t\t\t<\/div>\n\t\t\t\t<\/div>\n\t\t\t\t<\/div>\n\t\t\t\t<\/div>\n\t\t\t\t\t\t<\/div>\n\t\t\t\t<\/div>\n\t\t\t\t<\/div>\n\t\t<div class=\"elementor-element elementor-element-9ed4847 e-flex e-con-boxed e-con e-parent\" data-id=\"9ed4847\" data-element_type=\"container\" data-e-type=\"container\" data-settings=\"{&quot;background_background&quot;:&quot;classic&quot;}\">\n\t\t\t\t\t<div class=\"e-con-inner\">\n\t\t<div class=\"elementor-element elementor-element-a4b6dde e-con-full e-flex e-con e-child\" data-id=\"a4b6dde\" data-element_type=\"container\" data-e-type=\"container\">\n\t\t\t\t<div class=\"elementor-element elementor-element-7281ab8 elementor-widget elementor-widget-heading\" data-id=\"7281ab8\" data-element_type=\"widget\" data-e-type=\"widget\" data-widget_type=\"heading.default\">\n\t\t\t\t<div class=\"elementor-widget-container\">\n\t\t\t\t\t<h2 class=\"elementor-heading-title elementor-size-default\">Recambios y accesorios<\/h2>\t\t\t\t<\/div>\n\t\t\t\t<\/div>\n\t\t\t\t<div class=\"elementor-element elementor-element-c55445f elementor-widget elementor-widget-text-editor\" data-id=\"c55445f\" data-element_type=\"widget\" data-e-type=\"widget\" data-widget_type=\"text-editor.default\">\n\t\t\t\t<div class=\"elementor-widget-container\">\n\t\t\t\t\t\t\t\t\t<p>Nuestro procedimiento RMA agiliza el seguimiento y el procesamiento de las devoluciones para ofrecer un servicio r\u00e1pido y eficaz. Para recibir el mejor servicio posible al devolver productos, siga nuestro proceso de RMA (Autorizaci\u00f3n de devoluci\u00f3n de mercanc\u00eda). Esto garantiza que las devoluciones y reparaciones se encaminen y rastreen con precisi\u00f3n.<\/p><p>Rellene la siguiente informaci\u00f3n para enviar autom\u00e1ticamente su pedido a nuestro Equipo de Atenci\u00f3n al Cliente para que lo procese.<\/p><p>Si se trata de un pedido urgente que debe enviarse de un d\u00eda para otro o al d\u00eda siguiente, le recomendamos que llame a nuestro Servicio de Atenci\u00f3n al Cliente a <a href=\"tel:972.677.2700\">972.677.2700<\/a>.<\/p>\t\t\t\t\t\t\t\t<\/div>\n\t\t\t\t<\/div>\n\t\t<div class=\"elementor-element elementor-element-251a2c5 e-flex e-con-boxed e-con e-child\" data-id=\"251a2c5\" data-element_type=\"container\" data-e-type=\"container\">\n\t\t\t\t\t<div class=\"e-con-inner\">\n\t\t\t\t<div class=\"elementor-element elementor-element-57eb21f elementor-widget elementor-widget-text-editor\" data-id=\"57eb21f\" data-element_type=\"widget\" data-e-type=\"widget\" data-widget_type=\"text-editor.default\">\n\t\t\t\t<div class=\"elementor-widget-container\">\n\t\t\t\t\t\t\t\t\t<p>NOTA: Los pedidos de piezas se enviar\u00e1n el mismo d\u00eda laborable si el pedido se realiza antes de las 4PM (hora del centro) \/ 5PM (hora del este). Los precios est\u00e1n sujetos a cambios sin previo aviso.<\/p>\t\t\t\t\t\t\t\t<\/div>\n\t\t\t\t<\/div>\n\t\t\t\t\t<\/div>\n\t\t\t\t<\/div>\n\t\t\t\t<div class=\"elementor-element elementor-element-9f982bf elementor-widget elementor-widget-html\" data-id=\"9f982bf\" data-element_type=\"widget\" data-e-type=\"widget\" data-widget_type=\"html.default\">\n\t\t\t\t<div class=\"elementor-widget-container\">\n\t\t\t\t\t<script type=\"text\/javascript\" src=\"https:\/\/form.jotform.com\/jsform\/53084677555163\"><\/script>\t\t\t\t<\/div>\n\t\t\t\t<\/div>\n\t\t\t\t<\/div>\n\t\t\t\t\t<\/div>\n\t\t\t\t<\/div>\n\t\t\t\t<\/div>\n\t\t","protected":false},"excerpt":{"rendered":"<p>Recambios y accesorios Nuestro procedimiento RMA agiliza el seguimiento y el procesamiento de las devoluciones para ofrecer un servicio r\u00e1pido y eficaz. Para recibir el mejor servicio posible al devolver productos, siga nuestro proceso de RMA (Autorizaci\u00f3n de devoluci\u00f3n de mercanc\u00eda). Esto garantiza que las devoluciones y reparaciones se encaminen y rastreen con precisi\u00f3n. Rellene [&hellip;]<\/p>\n","protected":false},"author":2,"featured_media":0,"parent":0,"menu_order":0,"comment_status":"closed","ping_status":"closed","template":"","meta":{"_acf_changed":false,"footnotes":""},"class_list":["post-508","page","type-page","status-publish","hentry","entry"],"acf":[],"_links":{"self":[{"href":"https:\/\/www.nationaloptronics.com\/es\/wp-json\/wp\/v2\/pages\/508","targetHints":{"allow":["GET"]}}],"collection":[{"href":"https:\/\/www.nationaloptronics.com\/es\/wp-json\/wp\/v2\/pages"}],"about":[{"href":"https:\/\/www.nationaloptronics.com\/es\/wp-json\/wp\/v2\/types\/page"}],"author":[{"embeddable":true,"href":"https:\/\/www.nationaloptronics.com\/es\/wp-json\/wp\/v2\/users\/2"}],"replies":[{"embeddable":true,"href":"https:\/\/www.nationaloptronics.com\/es\/wp-json\/wp\/v2\/comments?post=508"}],"version-history":[{"count":0,"href":"https:\/\/www.nationaloptronics.com\/es\/wp-json\/wp\/v2\/pages\/508\/revisions"}],"wp:attachment":[{"href":"https:\/\/www.nationaloptronics.com\/es\/wp-json\/wp\/v2\/media?parent=508"}],"curies":[{"name":"wp","href":"https:\/\/api.w.org\/{rel}","templated":true}]}}