{"id":502,"date":"2025-06-22T05:53:28","date_gmt":"2025-06-22T10:53:28","guid":{"rendered":"https:\/\/www.nationaloptronics.com\/empleo\/"},"modified":"2026-01-08T11:39:59","modified_gmt":"2026-01-08T17:39:59","slug":"empleo","status":"publish","type":"page","link":"https:\/\/www.nationaloptronics.com\/es\/empleo\/","title":{"rendered":"Empleo"},"content":{"rendered":"\t\t<div data-elementor-type=\"wp-page\" data-elementor-id=\"502\" class=\"elementor elementor-502 elementor-120\" data-elementor-post-type=\"page\">\n\t\t\t\t<div class=\"elementor-element elementor-element-65b732d e-con-full e-flex e-con e-parent\" data-id=\"65b732d\" data-element_type=\"container\" data-e-type=\"container\" data-settings=\"{&quot;background_background&quot;:&quot;classic&quot;}\">\n\t\t\t\t<div class=\"elementor-element elementor-element-cc623d0 elementor-widget elementor-widget-template\" data-id=\"cc623d0\" data-element_type=\"widget\" data-e-type=\"widget\" data-widget_type=\"template.default\">\n\t\t\t\t<div class=\"elementor-widget-container\">\n\t\t\t\t\t\t\t<div class=\"elementor-template\">\n\t\t\t\t\t<div data-elementor-type=\"section\" data-elementor-id=\"148\" class=\"elementor elementor-148\" data-elementor-post-type=\"elementor_library\">\n\t\t\t<div class=\"elementor-element elementor-element-2984065 e-con-full e-flex e-con e-parent\" data-id=\"2984065\" data-element_type=\"container\" data-e-type=\"container\" data-settings=\"{&quot;background_background&quot;:&quot;classic&quot;}\">\n\t\t<div class=\"elementor-element elementor-element-4be7776 e-flex e-con-boxed e-con e-child\" data-id=\"4be7776\" data-element_type=\"container\" data-e-type=\"container\">\n\t\t\t\t\t<div class=\"e-con-inner\">\n\t\t<div class=\"elementor-element elementor-element-3ec87ab e-con-full e-flex e-con e-child\" data-id=\"3ec87ab\" data-element_type=\"container\" data-e-type=\"container\">\n\t\t\t\t<div class=\"elementor-element elementor-element-5382656 elementor-widget elementor-widget-heading\" data-id=\"5382656\" data-element_type=\"widget\" data-e-type=\"widget\" data-widget_type=\"heading.default\">\n\t\t\t\t<div class=\"elementor-widget-container\">\n\t\t\t\t\t<h1 class=\"elementor-heading-title elementor-size-default\">Empleo<\/h1>\t\t\t\t<\/div>\n\t\t\t\t<\/div>\n\t\t\t\t<\/div>\n\t\t\t\t\t<\/div>\n\t\t\t\t<\/div>\n\t\t\t\t<div class=\"elementor-element elementor-element-9f0a2c1 elementor-widget__width-inherit elementor-absolute elementor-widget elementor-widget-image\" data-id=\"9f0a2c1\" data-element_type=\"widget\" data-e-type=\"widget\" data-settings=\"{&quot;_position&quot;:&quot;absolute&quot;}\" data-widget_type=\"image.default\">\n\t\t\t\t<div class=\"elementor-widget-container\">\n\t\t\t\t\t\t\t\t\t\t\t\t\t\t\t<img fetchpriority=\"high\" decoding=\"async\" width=\"1920\" height=\"124\" src=\"https:\/\/www.nationaloptronics.com\/wp-content\/uploads\/2025\/06\/whiteOverlay.webp\" class=\"attachment-full size-full wp-image-472\" alt=\"superposici\u00f3n blanca\" srcset=\"https:\/\/www.nationaloptronics.com\/wp-content\/uploads\/2025\/06\/whiteOverlay.webp 1920w, https:\/\/www.nationaloptronics.com\/wp-content\/uploads\/2025\/06\/whiteOverlay-300x19.webp 300w, https:\/\/www.nationaloptronics.com\/wp-content\/uploads\/2025\/06\/whiteOverlay-1024x66.webp 1024w, https:\/\/www.nationaloptronics.com\/wp-content\/uploads\/2025\/06\/whiteOverlay-768x50.webp 768w, https:\/\/www.nationaloptronics.com\/wp-content\/uploads\/2025\/06\/whiteOverlay-1536x99.webp 1536w, https:\/\/www.nationaloptronics.com\/wp-content\/uploads\/2025\/06\/whiteOverlay-1568x101.webp 1568w\" sizes=\"(max-width: 34.9rem) calc(100vw - 2rem), (max-width: 53rem) calc(8 * (100vw \/ 12)), (min-width: 53rem) calc(6 * (100vw \/ 12)), 100vw\" \/>\t\t\t\t\t\t\t\t\t\t\t\t\t\t\t<\/div>\n\t\t\t\t<\/div>\n\t\t\t\t<\/div>\n\t\t\t\t<\/div>\n\t\t\t\t<\/div>\n\t\t\t\t\t\t<\/div>\n\t\t\t\t<\/div>\n\t\t\t\t<\/div>\n\t\t<div class=\"elementor-element elementor-element-7b982da e-flex e-con-boxed e-con e-parent\" data-id=\"7b982da\" data-element_type=\"container\" data-e-type=\"container\" data-settings=\"{&quot;background_background&quot;:&quot;classic&quot;}\">\n\t\t\t\t\t<div class=\"e-con-inner\">\n\t\t<div class=\"elementor-element elementor-element-c0666eb e-con-full e-flex e-con e-child\" data-id=\"c0666eb\" data-element_type=\"container\" data-e-type=\"container\">\n\t\t\t\t<div class=\"elementor-element elementor-element-503cb44 elementor-widget elementor-widget-image\" data-id=\"503cb44\" data-element_type=\"widget\" data-e-type=\"widget\" data-widget_type=\"image.default\">\n\t\t\t\t<div class=\"elementor-widget-container\">\n\t\t\t\t\t\t\t\t\t\t\t\t\t\t\t<img decoding=\"async\" width=\"975\" height=\"651\" src=\"https:\/\/www.nationaloptronics.com\/wp-content\/uploads\/2025\/09\/careerImg2v4.webp\" class=\"attachment-full size-full wp-image-501\" alt=\"Miembro del equipo\" srcset=\"https:\/\/www.nationaloptronics.com\/wp-content\/uploads\/2025\/09\/careerImg2v4.webp 975w, https:\/\/www.nationaloptronics.com\/wp-content\/uploads\/2025\/09\/careerImg2v4-300x200.webp 300w, https:\/\/www.nationaloptronics.com\/wp-content\/uploads\/2025\/09\/careerImg2v4-768x513.webp 768w\" sizes=\"(max-width: 975px) 100vw, 975px\" \/>\t\t\t\t\t\t\t\t\t\t\t\t\t\t\t<\/div>\n\t\t\t\t<\/div>\n\t\t<div class=\"elementor-element elementor-element-18986cc e-con-full e-flex e-con e-child\" data-id=\"18986cc\" data-element_type=\"container\" data-e-type=\"container\">\n\t\t\t\t<div class=\"elementor-element elementor-element-504451a elementor-widget elementor-widget-heading\" data-id=\"504451a\" data-element_type=\"widget\" data-e-type=\"widget\" data-widget_type=\"heading.default\">\n\t\t\t\t<div class=\"elementor-widget-container\">\n\t\t\t\t\t<h4 class=\"elementor-heading-title elementor-size-default\">\u00danase a nuestro equipo<\/h4>\t\t\t\t<\/div>\n\t\t\t\t<\/div>\n\t\t\t\t<div class=\"elementor-element elementor-element-eb255c7 elementor-widget elementor-widget-text-editor\" data-id=\"eb255c7\" data-element_type=\"widget\" data-e-type=\"widget\" data-widget_type=\"text-editor.default\">\n\t\t\t\t<div class=\"elementor-widget-container\">\n\t\t\t\t\t\t\t\t\t<p>National Optronics tiene un fuerte compromiso con la calidad y la mejora continua. Ofrecemos a personas altamente motivadas y con talento oportunidades profesionales que les ayudar\u00e1n a hacer realidad su visi\u00f3n en nuestra organizaci\u00f3n.<\/p><p>Empiece a avanzar su carrera. Nuestro compromiso con la igualdad de oportunidades se extiende a todos los aspectos del empleo, desde la contrataci\u00f3n hasta el desarrollo y la promoci\u00f3n profesionales. Tambi\u00e9n ofrecemos prestaciones sanitarias y econ\u00f3micas competitivas. P\u00f3ngase en contacto con nosotros para conocer las vacantes actuales.<\/p>\t\t\t\t\t\t\t\t<\/div>\n\t\t\t\t<\/div>\n\t\t\t\t<\/div>\n\t\t<div class=\"elementor-element elementor-element-21f7147 e-con-full e-flex e-con e-child\" data-id=\"21f7147\" data-element_type=\"container\" data-e-type=\"container\">\n\t\t<div class=\"elementor-element elementor-element-980fe1c e-con-full e-flex e-con e-child\" data-id=\"980fe1c\" data-element_type=\"container\" data-e-type=\"container\">\n\t\t\t\t<div class=\"elementor-element elementor-element-20e452a elementor-widget elementor-widget-text-editor\" data-id=\"20e452a\" data-element_type=\"widget\" data-e-type=\"widget\" data-widget_type=\"text-editor.default\">\n\t\t\t\t<div class=\"elementor-widget-container\">\n\t\t\t\t\t\t\t\t\t<p>Puedes contactar con nosotros por correo electr\u00f3nico en<\/p>\t\t\t\t\t\t\t\t<\/div>\n\t\t\t\t<\/div>\n\t\t\t\t<div class=\"elementor-element elementor-element-7faa75c elementor-position-inline-start elementor-view-default elementor-mobile-position-block-start elementor-widget elementor-widget-icon-box\" data-id=\"7faa75c\" data-element_type=\"widget\" data-e-type=\"widget\" data-widget_type=\"icon-box.default\">\n\t\t\t\t<div class=\"elementor-widget-container\">\n\t\t\t\t\t\t\t<div class=\"elementor-icon-box-wrapper\">\n\n\t\t\t\t\t\t<div class=\"elementor-icon-box-icon\">\n\t\t\t\t<a href=\"mailto:HR@dacvision.com\" class=\"elementor-icon\" tabindex=\"-1\" aria-label=\"HR@dacvision.com\">\n\t\t\t\t<i aria-hidden=\"true\" class=\"fas fa-envelope\"><\/i>\t\t\t\t<\/a>\n\t\t\t<\/div>\n\t\t\t\n\t\t\t\t\t\t<div class=\"elementor-icon-box-content\">\n\n\t\t\t\t\t\t\t\t\t<p class=\"elementor-icon-box-title\">\n\t\t\t\t\t\t<a href=\"mailto:HR@dacvision.com\" >\n\t\t\t\t\t\t\tHR@dacvision.com\t\t\t\t\t\t<\/a>\n\t\t\t\t\t<\/p>\n\t\t\t\t\n\t\t\t\t\n\t\t\t<\/div>\n\t\t\t\n\t\t<\/div>\n\t\t\t\t\t\t<\/div>\n\t\t\t\t<\/div>\n\t\t\t\t<\/div>\n\t\t<div class=\"elementor-element elementor-element-0d82fc0 e-con-full e-flex e-con e-child\" data-id=\"0d82fc0\" data-element_type=\"container\" data-e-type=\"container\">\n\t\t\t\t<div class=\"elementor-element elementor-element-905386f elementor-widget elementor-widget-text-editor\" data-id=\"905386f\" data-element_type=\"widget\" data-e-type=\"widget\" data-widget_type=\"text-editor.default\">\n\t\t\t\t<div class=\"elementor-widget-container\">\n\t\t\t\t\t\t\t\t\t<p>O escr\u00edbenos a<\/p>\t\t\t\t\t\t\t\t<\/div>\n\t\t\t\t<\/div>\n\t\t\t\t<div class=\"elementor-element elementor-element-7821f77 elementor-widget elementor-widget-text-editor\" data-id=\"7821f77\" data-element_type=\"widget\" data-e-type=\"widget\" data-widget_type=\"text-editor.default\">\n\t\t\t\t<div class=\"elementor-widget-container\">\n\t\t\t\t\t\t\t\t\t<p>Recursos Humanos<\/p>\t\t\t\t\t\t\t\t<\/div>\n\t\t\t\t<\/div>\n\t\t\t\t<div class=\"elementor-element elementor-element-d0c3fe9 elementor-position-inline-start elementor-widget__width-initial elementor-widget-mobile__width-inherit elementor-view-default elementor-mobile-position-block-start elementor-widget elementor-widget-icon-box\" data-id=\"d0c3fe9\" data-element_type=\"widget\" data-e-type=\"widget\" data-widget_type=\"icon-box.default\">\n\t\t\t\t<div class=\"elementor-widget-container\">\n\t\t\t\t\t\t\t<div class=\"elementor-icon-box-wrapper\">\n\n\t\t\t\t\t\t<div class=\"elementor-icon-box-icon\">\n\t\t\t\t<a href=\"mailto:HR@dacvision.com\" class=\"elementor-icon\" tabindex=\"-1\" aria-label=\"3630 West Miller Road Suite 350 &lt;br&gt;Garland, TX 75041\">\n\t\t\t\t<i aria-hidden=\"true\" class=\"fas fa-map-marker-alt\"><\/i>\t\t\t\t<\/a>\n\t\t\t<\/div>\n\t\t\t\n\t\t\t\t\t\t<div class=\"elementor-icon-box-content\">\n\n\t\t\t\t\t\t\t\t\t<p class=\"elementor-icon-box-title\">\n\t\t\t\t\t\t<a href=\"mailto:HR@dacvision.com\" >\n\t\t\t\t\t\t\t3630 West Miller Road Suite 350 <br>Garland, TX 75041\t\t\t\t\t\t<\/a>\n\t\t\t\t\t<\/p>\n\t\t\t\t\n\t\t\t\t\n\t\t\t<\/div>\n\t\t\t\n\t\t<\/div>\n\t\t\t\t\t\t<\/div>\n\t\t\t\t<\/div>\n\t\t\t\t<\/div>\n\t\t\t\t<\/div>\n\t\t\t\t<\/div>\n\t\t\t\t\t<\/div>\n\t\t\t\t<\/div>\n\t\t\t\t<\/div>\n\t\t","protected":false},"excerpt":{"rendered":"<p>\u00danase a nuestro equipo National Optronics tiene un fuerte compromiso con la calidad y la mejora continua. Ofrecemos a personas altamente motivadas y con talento oportunidades profesionales que les ayudar\u00e1n a hacer realidad su visi\u00f3n en nuestra organizaci\u00f3n. Empiece a avanzar su carrera. Nuestro compromiso con la igualdad de oportunidades se extiende a todos los [&hellip;]<\/p>\n","protected":false},"author":2,"featured_media":0,"parent":0,"menu_order":0,"comment_status":"closed","ping_status":"closed","template":"","meta":{"_acf_changed":false,"footnotes":""},"class_list":["post-502","page","type-page","status-publish","hentry","entry"],"acf":[],"_links":{"self":[{"href":"https:\/\/www.nationaloptronics.com\/es\/wp-json\/wp\/v2\/pages\/502","targetHints":{"allow":["GET"]}}],"collection":[{"href":"https:\/\/www.nationaloptronics.com\/es\/wp-json\/wp\/v2\/pages"}],"about":[{"href":"https:\/\/www.nationaloptronics.com\/es\/wp-json\/wp\/v2\/types\/page"}],"author":[{"embeddable":true,"href":"https:\/\/www.nationaloptronics.com\/es\/wp-json\/wp\/v2\/users\/2"}],"replies":[{"embeddable":true,"href":"https:\/\/www.nationaloptronics.com\/es\/wp-json\/wp\/v2\/comments?post=502"}],"version-history":[{"count":0,"href":"https:\/\/www.nationaloptronics.com\/es\/wp-json\/wp\/v2\/pages\/502\/revisions"}],"wp:attachment":[{"href":"https:\/\/www.nationaloptronics.com\/es\/wp-json\/wp\/v2\/media?parent=502"}],"curies":[{"name":"wp","href":"https:\/\/api.w.org\/{rel}","templated":true}]}}